{"id":215,"date":"2024-07-14T12:39:23","date_gmt":"2024-07-14T19:39:23","guid":{"rendered":"https:\/\/eracingnation.com\/?page_id=215"},"modified":"2024-07-20T16:30:10","modified_gmt":"2024-07-20T23:30:10","slug":"pecas-de-desempenho-para-hibridos-e-noticias","status":"publish","type":"page","link":"https:\/\/eracingnation.com\/pt\/pecas-de-desempenho-para-hibridos-e-noticias\/","title":{"rendered":"E &amp; Hybrid Performance Parts Not\u00edcias"},"content":{"rendered":"<div data-elementor-type=\"wp-page\" data-elementor-id=\"215\" class=\"elementor elementor-215\" data-elementor-post-type=\"page\">\n\t\t\t\t<div class=\"elementor-element elementor-element-60332fd e-flex e-con-boxed e-con e-parent\" data-id=\"60332fd\" data-element_type=\"container\" data-e-type=\"container\">\n\t\t\t\t\t<div class=\"e-con-inner\">\n\t\t\t\t<div class=\"elementor-element elementor-element-ca2cc79 elementor-widget elementor-widget-text-editor\" data-id=\"ca2cc79\" data-element_type=\"widget\" data-e-type=\"widget\" data-widget_type=\"text-editor.default\">\n\t\t\t\t<div class=\"elementor-widget-container\">\n\t\t\t\t\t\t\t\t\t<p><span style=\"color: #ffffff;\">E Racing Nation #1 fonte de not\u00edcias sobre pe\u00e7as de desempenho el\u00e9trico e h\u00edbrido. Descubra os mais recentes aprimoramentos de desempenho el\u00e9trico e h\u00edbrido para ve\u00edculos automotivos, mar\u00edtimos e motocicletas el\u00e9tricos e h\u00edbridos que participam de eventos de e-motorsport e e-racing.<\/span><\/p>\t\t\t\t\t\t\t\t<\/div>\n\t\t\t\t<\/div>\n\t\t\t\t\t<\/div>\n\t\t\t\t<\/div>\n\t\t<div class=\"elementor-element elementor-element-b4da93f e-flex e-con-boxed e-con e-parent\" data-id=\"b4da93f\" data-element_type=\"container\" data-e-type=\"container\">\n\t\t\t\t\t<div class=\"e-con-inner\">\n\t\t\t\t<div class=\"elementor-element elementor-element-9de9209 elementor-widget elementor-widget-text-editor\" data-id=\"9de9209\" data-element_type=\"widget\" data-e-type=\"widget\" data-widget_type=\"text-editor.default\">\n\t\t\t\t<div class=\"elementor-widget-container\">\n\t\t\t\t\t\t\t\t\t<p><span style=\"color: #ffffff;\">Da estrada \u00e0s pistas de corrida e dos lagos aos oceanos, trazemos a voc\u00ea as not\u00edcias informadas que podem fazer a diferen\u00e7a nas atualiza\u00e7\u00f5es de tuning el\u00e9trico e h\u00edbrido personalizadas!&nbsp;<\/span><\/p>\n<p><span style=\"color: #ffffff;\">Not\u00edcias sobre pe\u00e7as de desempenho automotivo el\u00e9tricas e h\u00edbridas.<\/span><\/p>\n<p><span style=\"color: #ffffff;\">Not\u00edcias sobre pe\u00e7as de desempenho para embarca\u00e7\u00f5es el\u00e9tricas e h\u00edbridas.<\/span><\/p>\n<p><span style=\"color: #ffffff;\">Not\u00edcias sobre pe\u00e7as de desempenho para motocicletas el\u00e9tricas e h\u00edbridas<\/span>.<\/p>\t\t\t\t\t\t\t\t<\/div>\n\t\t\t\t<\/div>\n\t\t\t\t\t<\/div>\n\t\t\t\t<\/div>\n\t\t\t\t<\/div>","protected":false},"excerpt":{"rendered":"<p>E Racing Nation #1 fonte de not\u00edcias sobre pe\u00e7as de desempenho el\u00e9tricas e h\u00edbridas. Descubra as \u00faltimas novidades em pe\u00e7as el\u00e9tricas e h\u00edbridas<\/p>","protected":false},"author":165558846,"featured_media":0,"parent":0,"menu_order":0,"comment_status":"closed","ping_status":"closed","template":"","meta":{"_crdt_document":"","advanced_seo_description":"","jetpack_seo_html_title":"","jetpack_seo_noindex":false,"jetpack_post_was_ever_published":false,"footnotes":""},"class_list":["post-215","page","type-page","status-publish","hentry"],"jetpack_likes_enabled":true,"jetpack_sharing_enabled":true,"jetpack_shortlink":"https:\/\/wp.me\/PfTEkc-3t","jetpack-related-posts":[],"_links":{"self":[{"href":"https:\/\/eracingnation.com\/pt\/wp-json\/wp\/v2\/pages\/215","targetHints":{"allow":["GET"]}}],"collection":[{"href":"https:\/\/eracingnation.com\/pt\/wp-json\/wp\/v2\/pages"}],"about":[{"href":"https:\/\/eracingnation.com\/pt\/wp-json\/wp\/v2\/types\/page"}],"author":[{"embeddable":true,"href":"https:\/\/eracingnation.com\/pt\/wp-json\/wp\/v2\/users\/165558846"}],"replies":[{"embeddable":true,"href":"https:\/\/eracingnation.com\/pt\/wp-json\/wp\/v2\/comments?post=215"}],"version-history":[{"count":22,"href":"https:\/\/eracingnation.com\/pt\/wp-json\/wp\/v2\/pages\/215\/revisions"}],"predecessor-version":[{"id":351,"href":"https:\/\/eracingnation.com\/pt\/wp-json\/wp\/v2\/pages\/215\/revisions\/351"}],"wp:attachment":[{"href":"https:\/\/eracingnation.com\/pt\/wp-json\/wp\/v2\/media?parent=215"}],"curies":[{"name":"wp","href":"https:\/\/api.w.org\/{rel}","templated":true}]}}