{"id":250,"date":"2024-07-16T20:22:12","date_gmt":"2024-07-17T03:22:12","guid":{"rendered":"https:\/\/eracingnation.com\/?page_id=250"},"modified":"2024-07-23T18:25:05","modified_gmt":"2024-07-24T01:25:05","slug":"defi-mondial-de-la-vitesse","status":"publish","type":"page","link":"https:\/\/eracingnation.com\/fr\/defi-mondial-de-la-vitesse\/","title":{"rendered":"D\u00e9fi mondial de la vitesse"},"content":{"rendered":"<div data-elementor-type=\"wp-page\" data-elementor-id=\"250\" class=\"elementor elementor-250\" data-elementor-post-type=\"page\">\n\t\t\t\t<div class=\"elementor-element elementor-element-168128f e-flex e-con-boxed e-con e-parent\" data-id=\"168128f\" data-element_type=\"container\" data-e-type=\"container\">\n\t\t\t\t\t<div class=\"e-con-inner\">\n\t\t\t\t<div class=\"elementor-element elementor-element-31933e1 elementor-widget elementor-widget-image\" data-id=\"31933e1\" data-element_type=\"widget\" data-e-type=\"widget\" data-widget_type=\"image.default\">\n\t\t\t\t<div class=\"elementor-widget-container\">\n\t\t\t\t\t\t\t\t\t\t\t\t\t\t\t\t<a href=\"https:\/\/worldspeedchallenge.com\">\n\t\t\t\t\t\t\t<img fetchpriority=\"high\" decoding=\"async\" data-attachment-id=\"251\" data-permalink=\"https:\/\/eracingnation.com\/fr\/defi-mondial-de-la-vitesse\/world-speed-challenge-logo-wsc-2\/\" data-orig-file=\"https:\/\/i0.wp.com\/eracingnation.com\/wp-content\/uploads\/2024\/07\/World-Speed-Challenge-Logo-WSC-2.webp?fit=676%2C441&amp;ssl=1\" data-orig-size=\"676,441\" data-comments-opened=\"1\" data-image-meta=\"{&quot;aperture&quot;:&quot;0&quot;,&quot;credit&quot;:&quot;&quot;,&quot;camera&quot;:&quot;&quot;,&quot;caption&quot;:&quot;&quot;,&quot;created_timestamp&quot;:&quot;0&quot;,&quot;copyright&quot;:&quot;&quot;,&quot;focal_length&quot;:&quot;0&quot;,&quot;iso&quot;:&quot;0&quot;,&quot;shutter_speed&quot;:&quot;0&quot;,&quot;title&quot;:&quot;&quot;,&quot;orientation&quot;:&quot;0&quot;}\" data-image-title=\"World Speed Challenge Logo WSC (2)\" data-image-description=\"\" data-image-caption=\"\" data-medium-file=\"https:\/\/i0.wp.com\/eracingnation.com\/wp-content\/uploads\/2024\/07\/World-Speed-Challenge-Logo-WSC-2.webp?fit=300%2C196&amp;ssl=1\" data-large-file=\"https:\/\/i0.wp.com\/eracingnation.com\/wp-content\/uploads\/2024\/07\/World-Speed-Challenge-Logo-WSC-2.webp?fit=640%2C418&amp;ssl=1\" width=\"600\" height=\"441\" src=\"https:\/\/i0.wp.com\/eracingnation.com\/wp-content\/uploads\/2024\/07\/World-Speed-Challenge-Logo-WSC-2.webp?resize=600%2C441&amp;ssl=1\" class=\"attachment-newspack-article-block-portrait-medium size-newspack-article-block-portrait-medium wp-image-251\" alt=\"\" \/>\t\t\t\t\t\t\t\t<\/a>\n\t\t\t\t\t\t\t\t\t\t\t\t\t\t\t<\/div>\n\t\t\t\t<\/div>\n\t\t\t\t\t<\/div>\n\t\t\t\t<\/div>\n\t\t<div class=\"elementor-element elementor-element-60162ce e-flex e-con-boxed e-con e-parent\" data-id=\"60162ce\" data-element_type=\"container\" data-e-type=\"container\">\n\t\t\t\t\t<div class=\"e-con-inner\">\n\t\t\t\t<div class=\"elementor-element elementor-element-506611d elementor-widget elementor-widget-text-editor\" data-id=\"506611d\" data-element_type=\"widget\" data-e-type=\"widget\" data-widget_type=\"text-editor.default\">\n\t\t\t\t<div class=\"elementor-widget-container\">\n\t\t\t\t\t\t\t\t\t<p><span style=\"color: #000000;\"><span style=\"color: #ffffff;\"><br \/>A propos de<\/span>\u00a0<\/span><a href=\"https:\/\/worldspeedchallenge.com\" target=\"_blank\" rel=\"noopener\">D\u00e9fi mondial de la vitesse<\/a><span style=\"color: #000000;\">\u00a0<span style=\"color: #ffffff;\">lance un d\u00e9fi aux fabricants de l'industrie automobile !<\/span><\/span><\/p><p><span style=\"color: #ffffff;\">Un partenariat mondial dans le domaine du sport automobile avec les principaux constructeurs de l'industrie automobile<\/span><\/p><p><span style=\"color: #ffffff;\">Ce concept pionnier incarne une combinaison unique d'innovations in\u00e9dites dans le sport automobile \u00e0 ce jour et doit servir de plateforme aux constructeurs automobiles pour d\u00e9velopper des technologies adapt\u00e9es \u00e0 leurs voitures de route \u00e0 hautes performances.<\/span><\/p><p><span style=\"color: #ffffff;\">Les voitures sont construites selon un ensemble de r\u00e8gles techniques qui leur permettront de concourir sur des circuits permanents complets et d'\u00e9tablir de nouvelles normes pour les v\u00e9hicules \u00e9lectriques dans le sport automobile en termes de performances, d'endurance et d'autonomie.<\/span><\/p><p><span style=\"color: #ffffff;\">Cette race innovante de voitures fonctionnera dans une fen\u00eatre de performance similaire \u00e0 celle de la g\u00e9n\u00e9ration actuelle de voitures GT, mais d\u00e9passera ses homologues \u00e0 moteur \u00e0 combustion dans des domaines tels que l'acc\u00e9l\u00e9ration et la vitesse de qualification.<br \/><br \/><\/span><a href=\"https:\/\/worldspeedchallenge.com\/egt1_wsc\/\" target=\"_blank\" rel=\"noopener\">EGT1 WSC<\/a><span style=\"color: #ffffff;\"><br \/><\/span><a href=\"https:\/\/worldspeedchallenge.com\/egt2_wsc\/\" target=\"_blank\" rel=\"noopener\">EGT2 WSC<\/a><span style=\"color: #ffffff;\"><br \/><\/span><a href=\"https:\/\/worldspeedchallenge.com\/egt3_wsc\/\" target=\"_blank\" rel=\"noopener\">EGT3 WSC<\/a><span style=\"color: #ffffff;\"><br \/><\/span><a href=\"https:\/\/worldspeedchallenge.com\/egt4_wsc\/\" target=\"_blank\" rel=\"noopener\">EGT4 WSC<\/a><span style=\"color: #ffffff;\"><br \/><\/span><a href=\"https:\/\/worldspeedchallenge.com\/etc_wsc\/\" target=\"_blank\" rel=\"noopener\">CTE CSM<\/a><span style=\"color: #ffffff;\"><br \/><\/span><a href=\"https:\/\/worldspeedchallenge.com\/etc-racing-academy\/\" target=\"_blank\" rel=\"noopener\">ETC Racing Academy<\/a><span style=\"color: #ffffff;\"><br \/><\/span><\/p><p><span style=\"color: #ffffff;\"><strong>Participez \u00e0 une nouvelle s\u00e9rie : <br \/>L\u00e0 o\u00f9 naissent les l\u00e9gendes et o\u00f9 sont couronn\u00e9s les champions !<br \/>Et o\u00f9 les records historiques de vitesse et d'endurance peuvent \u00eatre battus !<\/strong><\/span><\/p>\t\t\t\t\t\t\t\t<\/div>\n\t\t\t\t<\/div>\n\t\t\t\t\t<\/div>\n\t\t\t\t<\/div>\n\t\t\t\t<\/div>","protected":false},"excerpt":{"rendered":"<p>Le World Speed Challenge lance un d\u00e9fi aux constructeurs automobiles ! Un partenariat mondial dans le domaine du sport automobile avec les leaders de l'industrie automobile<\/p>","protected":false},"author":165558846,"featured_media":0,"parent":0,"menu_order":0,"comment_status":"closed","ping_status":"closed","template":"","meta":{"_crdt_document":"","advanced_seo_description":"","jetpack_seo_html_title":"","jetpack_seo_noindex":false,"jetpack_post_was_ever_published":false,"footnotes":""},"class_list":["post-250","page","type-page","status-publish","hentry"],"jetpack_likes_enabled":true,"jetpack_sharing_enabled":true,"jetpack_shortlink":"https:\/\/wp.me\/PfTEkc-42","jetpack-related-posts":[],"_links":{"self":[{"href":"https:\/\/eracingnation.com\/fr\/wp-json\/wp\/v2\/pages\/250","targetHints":{"allow":["GET"]}}],"collection":[{"href":"https:\/\/eracingnation.com\/fr\/wp-json\/wp\/v2\/pages"}],"about":[{"href":"https:\/\/eracingnation.com\/fr\/wp-json\/wp\/v2\/types\/page"}],"author":[{"embeddable":true,"href":"https:\/\/eracingnation.com\/fr\/wp-json\/wp\/v2\/users\/165558846"}],"replies":[{"embeddable":true,"href":"https:\/\/eracingnation.com\/fr\/wp-json\/wp\/v2\/comments?post=250"}],"version-history":[{"count":27,"href":"https:\/\/eracingnation.com\/fr\/wp-json\/wp\/v2\/pages\/250\/revisions"}],"predecessor-version":[{"id":557,"href":"https:\/\/eracingnation.com\/fr\/wp-json\/wp\/v2\/pages\/250\/revisions\/557"}],"wp:attachment":[{"href":"https:\/\/eracingnation.com\/fr\/wp-json\/wp\/v2\/media?parent=250"}],"curies":[{"name":"wp","href":"https:\/\/api.w.org\/{rel}","templated":true}]}}