{"id":263,"date":"2024-07-16T20:49:55","date_gmt":"2024-07-17T03:49:55","guid":{"rendered":"https:\/\/eracingnation.com\/?page_id=263"},"modified":"2024-07-21T14:42:39","modified_gmt":"2024-07-21T21:42:39","slug":"e-gran-premio-mundial","status":"publish","type":"page","link":"https:\/\/eracingnation.com\/es\/e-gran-premio-mundial\/","title":{"rendered":"Gran Premio Mundial E"},"content":{"rendered":"<div data-elementor-type=\"wp-page\" data-elementor-id=\"263\" class=\"elementor elementor-263\" data-elementor-post-type=\"page\">\n\t\t\t\t<div class=\"elementor-element elementor-element-7c1ee1c e-flex e-con-boxed e-con e-parent\" data-id=\"7c1ee1c\" data-element_type=\"container\" data-e-type=\"container\">\n\t\t\t\t\t<div class=\"e-con-inner\">\n\t\t\t\t<div class=\"elementor-element elementor-element-5919b4d elementor-widget elementor-widget-image\" data-id=\"5919b4d\" data-element_type=\"widget\" data-e-type=\"widget\" data-widget_type=\"image.default\">\n\t\t\t\t<div class=\"elementor-widget-container\">\n\t\t\t\t\t\t\t\t\t\t\t\t\t\t\t\t<a href=\"https:\/\/ewgp.org\">\n\t\t\t\t\t\t\t<img fetchpriority=\"high\" decoding=\"async\" data-attachment-id=\"265\" data-permalink=\"https:\/\/eracingnation.com\/es\/e-gran-premio-mundial\/e-world-grand-prix-logo\/\" data-orig-file=\"https:\/\/i0.wp.com\/eracingnation.com\/wp-content\/uploads\/2024\/07\/E-World-Grand-Prix-Logo.webp?fit=925%2C555&amp;ssl=1\" data-orig-size=\"925,555\" data-comments-opened=\"1\" data-image-meta=\"{&quot;aperture&quot;:&quot;0&quot;,&quot;credit&quot;:&quot;&quot;,&quot;camera&quot;:&quot;&quot;,&quot;caption&quot;:&quot;&quot;,&quot;created_timestamp&quot;:&quot;0&quot;,&quot;copyright&quot;:&quot;&quot;,&quot;focal_length&quot;:&quot;0&quot;,&quot;iso&quot;:&quot;0&quot;,&quot;shutter_speed&quot;:&quot;0&quot;,&quot;title&quot;:&quot;&quot;,&quot;orientation&quot;:&quot;0&quot;}\" data-image-title=\"E World Grand Prix Logo\" data-image-description=\"\" data-image-caption=\"\" data-large-file=\"https:\/\/i0.wp.com\/eracingnation.com\/wp-content\/uploads\/2024\/07\/E-World-Grand-Prix-Logo.webp?fit=640%2C384&amp;ssl=1\" width=\"800\" height=\"555\" src=\"https:\/\/i0.wp.com\/eracingnation.com\/wp-content\/uploads\/2024\/07\/E-World-Grand-Prix-Logo.webp?resize=800%2C555&amp;ssl=1\" class=\"attachment-newspack-article-block-landscape-medium size-newspack-article-block-landscape-medium wp-image-265\" alt=\"\" srcset=\"https:\/\/i0.wp.com\/eracingnation.com\/wp-content\/uploads\/2024\/07\/E-World-Grand-Prix-Logo.webp?resize=800%2C555&amp;ssl=1 800w, https:\/\/i0.wp.com\/eracingnation.com\/wp-content\/uploads\/2024\/07\/E-World-Grand-Prix-Logo.webp?resize=590%2C410&amp;ssl=1 590w\" sizes=\"(max-width: 640px) 100vw, 640px\" \/>\t\t\t\t\t\t\t\t<\/a>\n\t\t\t\t\t\t\t\t\t\t\t\t\t\t\t<\/div>\n\t\t\t\t<\/div>\n\t\t\t\t\t<\/div>\n\t\t\t\t<\/div>\n\t\t<div class=\"elementor-element elementor-element-eb82243 e-flex e-con-boxed e-con e-parent\" data-id=\"eb82243\" data-element_type=\"container\" data-e-type=\"container\">\n\t\t\t\t\t<div class=\"e-con-inner\">\n\t\t\t\t<div class=\"elementor-element elementor-element-3c3eccd elementor-widget elementor-widget-text-editor\" data-id=\"3c3eccd\" data-element_type=\"widget\" data-e-type=\"widget\" data-widget_type=\"text-editor.default\">\n\t\t\t\t<div class=\"elementor-widget-container\">\n\t\t\t\t\t\t\t\t\t<p><span style=\"color: #ffffff;\"><span style=\"color: #000000;\"><a href=\"https:\/\/ewgp.org\">Gran Premio del Mundo E (EWGP)<\/a> <span style=\"color: #ffffff;\">desaf\u00eda al mundo de los e-motorsports de automoci\u00f3n a un electrizante e<\/span><\/span>desahogarse, \u00a1literalmente! Organizar una carrera de resistencia de 24 horas exclusivamente para veh\u00edculos el\u00e9ctricos e h\u00edbridos est\u00e1 dando un giro fascinante al mundo del automovilismo. No solo supera los l\u00edmites de la ingenier\u00eda y la tecnolog\u00eda, sino que tambi\u00e9n pone de relieve los avances en el transporte el\u00e9ctrico e h\u00edbrido sostenible.<\/span><\/p><p><span style=\"color: #ffffff;\">Desafiamos la resistencia, la fiabilidad y la seguridad a una nueva dimensi\u00f3n en el contexto de los veh\u00edculos el\u00e9ctricos e h\u00edbridos, donde la duraci\u00f3n de las bater\u00edas, la gesti\u00f3n de la energ\u00eda y la entrega de potencia son factores cruciales. Ser testigo de c\u00f3mo estas m\u00e1quinas de vanguardia compiten entre s\u00ed durante todo un d\u00eda, poniendo a prueba hasta el l\u00edmite tanto a los veh\u00edculos como a los conductores.<\/span><\/p><p><span style=\"color: #ffffff;\">El Gran Premio del Mundo de Resistencia El\u00e9ctrica (EWGP) de 2027 desaf\u00eda a los mejores del mundo en la \u00faltima carrera de la temporada del Campeonato Mundial de Resistencia El\u00e9ctrica (WEC), que es la prueba m\u00e1s dura y prestigiosa de la temporada, lo que a\u00f1ade un nivel adicional de fiabilidad y seguridad y la convierte en el punto culminante del World Endurance Challenge (WEC) dentro del mundo de los e-motorsports. Es un testimonio de la tecnolog\u00eda de ingenier\u00eda y de la habilidad y determinaci\u00f3n de los pilotos, equipos y fabricantes que compiten al m\u00e1s alto nivel de las carreras de resistencia el\u00e9ctricas e h\u00edbridas del mundo.<\/span><\/p><p><span style=\"color: #ffffff;\">La pregunta definitiva es: \u00bfest\u00e1n preparados los fabricantes de coches el\u00e9ctricos e h\u00edbridos, los equipos y los pilotos para exhibir su ingenier\u00eda, su tecnolog\u00eda y sus habilidades en el escenario mundial del Gran Premio del Mundo E?<\/span><\/p>\t\t\t\t\t\t\t\t<\/div>\n\t\t\t\t<\/div>\n\t\t\t\t\t<\/div>\n\t\t\t\t<\/div>\n\t\t<div class=\"elementor-element elementor-element-1BqCzOy e-flex e-con-boxed e-con e-parent\" data-id=\"1BqCzOy\" data-element_type=\"container\" data-e-type=\"container\">\n\t\t\t\t\t<div class=\"e-con-inner\">\n\t\t\t\t<div class=\"elementor-element elementor-element-1THio1Z elementor-widget elementor-widget-heading\" data-id=\"1THio1Z\" data-element_type=\"widget\" data-e-type=\"widget\" data-widget_type=\"heading.default\">\n\t\t\t\t<div class=\"elementor-widget-container\">\n\t\t\t\t\t<h2 class=\"elementor-heading-title elementor-size-default\">Conozca a los competidores<\/h2>\t\t\t\t<\/div>\n\t\t\t\t<\/div>\n\t\t<div class=\"elementor-element elementor-element-IUjyBWy e-con-full e-flex e-con e-child\" data-id=\"IUjyBWy\" data-element_type=\"container\" data-e-type=\"container\">\n\t\t\t\t<div class=\"elementor-element elementor-element-E6C7xem elementor-widget__width-initial elementor-widget-mobile__width-inherit elementor-position-top elementor-widget elementor-widget-image-box\" data-id=\"E6C7xem\" data-element_type=\"widget\" data-e-type=\"widget\" data-widget_type=\"image-box.default\">\n\t\t\t\t<div class=\"elementor-widget-container\">\n\t\t\t\t\t<div class=\"elementor-image-box-wrapper\"><figure class=\"elementor-image-box-img\"><img decoding=\"async\" data-attachment-id=\"189\" data-permalink=\"https:\/\/eracingnation.com\/es\/taquion-t\/\" data-orig-file=\"https:\/\/i0.wp.com\/eracingnation.com\/wp-content\/uploads\/2024\/07\/tachyon-t.jpg?fit=1600%2C900&amp;ssl=1\" data-orig-size=\"1600,900\" data-comments-opened=\"1\" data-image-meta=\"{&quot;aperture&quot;:&quot;0&quot;,&quot;credit&quot;:&quot;&quot;,&quot;camera&quot;:&quot;&quot;,&quot;caption&quot;:&quot;&quot;,&quot;created_timestamp&quot;:&quot;0&quot;,&quot;copyright&quot;:&quot;&quot;,&quot;focal_length&quot;:&quot;0&quot;,&quot;iso&quot;:&quot;0&quot;,&quot;shutter_speed&quot;:&quot;0&quot;,&quot;title&quot;:&quot;&quot;,&quot;orientation&quot;:&quot;0&quot;}\" data-image-title=\"tachyon t\" data-image-description=\"\" data-image-caption=\"\" data-large-file=\"https:\/\/i0.wp.com\/eracingnation.com\/wp-content\/uploads\/2024\/07\/tachyon-t.jpg?fit=640%2C360&amp;ssl=1\" width=\"1600\" height=\"900\" src=\"https:\/\/i0.wp.com\/eracingnation.com\/wp-content\/uploads\/2024\/07\/tachyon-t.jpg?fit=1600%2C900&amp;ssl=1\" class=\"elementor-animation-grow attachment-full size-full wp-image-189\" alt=\"\" srcset=\"https:\/\/i0.wp.com\/eracingnation.com\/wp-content\/uploads\/2024\/07\/tachyon-t.jpg?w=1600&amp;ssl=1 1600w, https:\/\/i0.wp.com\/eracingnation.com\/wp-content\/uploads\/2024\/07\/tachyon-t.jpg?resize=300%2C169&amp;ssl=1 300w, https:\/\/i0.wp.com\/eracingnation.com\/wp-content\/uploads\/2024\/07\/tachyon-t.jpg?resize=1024%2C576&amp;ssl=1 1024w, https:\/\/i0.wp.com\/eracingnation.com\/wp-content\/uploads\/2024\/07\/tachyon-t.jpg?resize=768%2C432&amp;ssl=1 768w, https:\/\/i0.wp.com\/eracingnation.com\/wp-content\/uploads\/2024\/07\/tachyon-t.jpg?resize=1536%2C864&amp;ssl=1 1536w, https:\/\/i0.wp.com\/eracingnation.com\/wp-content\/uploads\/2024\/07\/tachyon-t.jpg?resize=1200%2C675&amp;ssl=1 1200w, https:\/\/i0.wp.com\/eracingnation.com\/wp-content\/uploads\/2024\/07\/tachyon-t.jpg?w=1280&amp;ssl=1 1280w\" sizes=\"(max-width: 640px) 100vw, 640px\" \/><\/figure><div class=\"elementor-image-box-content\"><h4 class=\"elementor-image-box-title\">\u00a1Prep\u00e1rate para conocer a los competidores del Gran Premio del Mundo E 2027!<\/h4><p class=\"elementor-image-box-description\">Estos veh\u00edculos el\u00e9ctricos e h\u00edbridos de \u00faltima generaci\u00f3n son la cumbre de la ingenier\u00eda, la tecnolog\u00eda y la sostenibilidad. Desde la velocidad y la potencia hasta la gesti\u00f3n de la energ\u00eda y la resistencia, estos veh\u00edculos est\u00e1n dise\u00f1ados para superar los l\u00edmites de lo que creemos posible. <\/p><\/div><\/div>\t\t\t\t<\/div>\n\t\t\t\t<\/div>\n\t\t\t\t<div class=\"elementor-element elementor-element-OvK7oCw elementor-widget__width-initial elementor-widget-mobile__width-inherit elementor-position-top elementor-widget elementor-widget-image-box\" data-id=\"OvK7oCw\" data-element_type=\"widget\" data-e-type=\"widget\" data-widget_type=\"image-box.default\">\n\t\t\t\t<div class=\"elementor-widget-container\">\n\t\t\t\t\t<div class=\"elementor-image-box-wrapper\"><figure class=\"elementor-image-box-img\"><img decoding=\"async\" data-attachment-id=\"193\" data-permalink=\"https:\/\/eracingnation.com\/es\/porsche-718-ccayman-gt4-e-performance\/\" data-orig-file=\"https:\/\/i0.wp.com\/eracingnation.com\/wp-content\/uploads\/2024\/07\/Porsche-718-Ccayman-gt4-e-Performance.jpg?fit=7680%2C4320&amp;ssl=1\" data-orig-size=\"7680,4320\" data-comments-opened=\"1\" data-image-meta=\"{&quot;aperture&quot;:&quot;5&quot;,&quot;credit&quot;:&quot;&quot;,&quot;camera&quot;:&quot;Canon EOS R5&quot;,&quot;caption&quot;:&quot;&quot;,&quot;created_timestamp&quot;:&quot;1667742343&quot;,&quot;copyright&quot;:&quot;&quot;,&quot;focal_length&quot;:&quot;70&quot;,&quot;iso&quot;:&quot;100&quot;,&quot;shutter_speed&quot;:&quot;0.004&quot;,&quot;title&quot;:&quot;&quot;,&quot;orientation&quot;:&quot;1&quot;}\" data-image-title=\"Porsche 718 Ccayman gt4 e Performance\" data-image-description=\"\" data-image-caption=\"\" data-large-file=\"https:\/\/i0.wp.com\/eracingnation.com\/wp-content\/uploads\/2024\/07\/Porsche-718-Ccayman-gt4-e-Performance.jpg?fit=640%2C360&amp;ssl=1\" width=\"825\" height=\"575\" src=\"https:\/\/i0.wp.com\/eracingnation.com\/wp-content\/uploads\/2024\/07\/Porsche-718-Ccayman-gt4-e-Performance.jpg?resize=825%2C575&amp;ssl=1\" class=\"elementor-animation-grow attachment-darknews-large size-darknews-large wp-image-193\" alt=\"\" srcset=\"https:\/\/i0.wp.com\/eracingnation.com\/wp-content\/uploads\/2024\/07\/Porsche-718-Ccayman-gt4-e-Performance.jpg?resize=825%2C575&amp;ssl=1 825w, https:\/\/i0.wp.com\/eracingnation.com\/wp-content\/uploads\/2024\/07\/Porsche-718-Ccayman-gt4-e-Performance.jpg?resize=590%2C410&amp;ssl=1 590w, https:\/\/i0.wp.com\/eracingnation.com\/wp-content\/uploads\/2024\/07\/Porsche-718-Ccayman-gt4-e-Performance.jpg?zoom=2&amp;resize=825%2C575&amp;ssl=1 1650w, https:\/\/i0.wp.com\/eracingnation.com\/wp-content\/uploads\/2024\/07\/Porsche-718-Ccayman-gt4-e-Performance.jpg?zoom=3&amp;resize=825%2C575&amp;ssl=1 2475w\" sizes=\"(max-width: 640px) 100vw, 640px\" \/><\/figure><div class=\"elementor-image-box-content\"><h4 class=\"elementor-image-box-title\">Pero no se trata s\u00f3lo de las m\u00e1quinas, sino tambi\u00e9n de los pilotos y equipos que se pondr\u00e1n al volante.<\/h4><p class=\"elementor-image-box-description\">Desde veteranos a prometedoras estrellas, estos pilotos necesitan y tienen la habilidad y la determinaci\u00f3n necesarias para afrontar 24 horas de carrera. Y los equipos de ingenieros, t\u00e9cnicos y fabricantes que los respaldan proporcionan el apoyo, la seguridad, la estrategia y la precisi\u00f3n necesarias para llevar estos veh\u00edculos hasta la l\u00ednea de meta del Gran Premio del Mundo E. <\/p><\/div><\/div>\t\t\t\t<\/div>\n\t\t\t\t<\/div>\n\t\t\t\t<div class=\"elementor-element elementor-element-OFJYDEC elementor-widget__width-initial elementor-widget-mobile__width-inherit elementor-position-top elementor-widget elementor-widget-image-box\" data-id=\"OFJYDEC\" data-element_type=\"widget\" data-e-type=\"widget\" data-widget_type=\"image-box.default\">\n\t\t\t\t<div class=\"elementor-widget-container\">\n\t\t\t\t\t<div class=\"elementor-image-box-wrapper\"><figure class=\"elementor-image-box-img\"><img loading=\"lazy\" decoding=\"async\" data-attachment-id=\"394\" data-permalink=\"https:\/\/eracingnation.com\/es\/sobre-2\/e-world-grand-prix-logo-s\/\" data-orig-file=\"https:\/\/i0.wp.com\/eracingnation.com\/wp-content\/uploads\/2024\/07\/E-World-Grand-Prix-Logo-s.webp?fit=200%2C120&amp;ssl=1\" data-orig-size=\"200,120\" data-comments-opened=\"1\" data-image-meta=\"{&quot;aperture&quot;:&quot;0&quot;,&quot;credit&quot;:&quot;&quot;,&quot;camera&quot;:&quot;&quot;,&quot;caption&quot;:&quot;&quot;,&quot;created_timestamp&quot;:&quot;0&quot;,&quot;copyright&quot;:&quot;&quot;,&quot;focal_length&quot;:&quot;0&quot;,&quot;iso&quot;:&quot;0&quot;,&quot;shutter_speed&quot;:&quot;0&quot;,&quot;title&quot;:&quot;&quot;,&quot;orientation&quot;:&quot;0&quot;}\" data-image-title=\"E World Grand Prix Logo-s\" data-image-description=\"\" data-image-caption=\"\" data-large-file=\"https:\/\/i0.wp.com\/eracingnation.com\/wp-content\/uploads\/2024\/07\/E-World-Grand-Prix-Logo-s.webp?fit=200%2C120&amp;ssl=1\" width=\"200\" height=\"120\" src=\"https:\/\/i0.wp.com\/eracingnation.com\/wp-content\/uploads\/2024\/07\/E-World-Grand-Prix-Logo-s.webp?resize=200%2C120&amp;ssl=1\" class=\"elementor-animation-grow attachment-newspack-article-block-portrait-medium size-newspack-article-block-portrait-medium wp-image-394\" alt=\"\" srcset=\"https:\/\/i0.wp.com\/eracingnation.com\/wp-content\/uploads\/2024\/07\/E-World-Grand-Prix-Logo-s.webp?w=200&amp;ssl=1 200w, https:\/\/i0.wp.com\/eracingnation.com\/wp-content\/uploads\/2024\/07\/E-World-Grand-Prix-Logo-s.webp?resize=18%2C12&amp;ssl=1 18w\" sizes=\"(max-width: 200px) 100vw, 200px\" \/><\/figure><div class=\"elementor-image-box-content\"><h4 class=\"elementor-image-box-title\">Ver la lista completa de competidores y equipos<\/h4><p class=\"elementor-image-box-description\">Bot\u00f3n que enlaza con una p\u00e1gina independiente en la que aparecen todos los competidores y su informaci\u00f3n<\/p><\/div><\/div>\t\t\t\t<\/div>\n\t\t\t\t<\/div>\n\t\t\t\t<\/div>\n\t\t\t\t\t<\/div>\n\t\t\t\t<\/div>\n\t\t\t\t<\/div>","protected":false},"excerpt":{"rendered":"<p>\/*! elementor &#8211; v3.23.0 &#8211; 10-07-2024 *\/ .elementor-widget-image{text-align:center}.elementor-widget-image a{display:inline-block}.elementor-widget-image a img[src$=&#8221;.svg&#8221;]{width:48px}.elementor-widget-image img{vertical-align:middle;display:inline-block} E World Grand Prix (EWGP) is<\/p>\n","protected":false},"author":165558846,"featured_media":0,"parent":0,"menu_order":0,"comment_status":"closed","ping_status":"closed","template":"","meta":{"_crdt_document":"","advanced_seo_description":"","jetpack_seo_html_title":"","jetpack_seo_noindex":false,"jetpack_post_was_ever_published":false,"footnotes":""},"class_list":["post-263","page","type-page","status-publish","hentry"],"jetpack_likes_enabled":true,"jetpack_sharing_enabled":true,"jetpack_shortlink":"https:\/\/wp.me\/PfTEkc-4f","jetpack-related-posts":[],"_links":{"self":[{"href":"https:\/\/eracingnation.com\/es\/wp-json\/wp\/v2\/pages\/263","targetHints":{"allow":["GET"]}}],"collection":[{"href":"https:\/\/eracingnation.com\/es\/wp-json\/wp\/v2\/pages"}],"about":[{"href":"https:\/\/eracingnation.com\/es\/wp-json\/wp\/v2\/types\/page"}],"author":[{"embeddable":true,"href":"https:\/\/eracingnation.com\/es\/wp-json\/wp\/v2\/users\/165558846"}],"replies":[{"embeddable":true,"href":"https:\/\/eracingnation.com\/es\/wp-json\/wp\/v2\/comments?post=263"}],"version-history":[{"count":30,"href":"https:\/\/eracingnation.com\/es\/wp-json\/wp\/v2\/pages\/263\/revisions"}],"predecessor-version":[{"id":478,"href":"https:\/\/eracingnation.com\/es\/wp-json\/wp\/v2\/pages\/263\/revisions\/478"}],"wp:attachment":[{"href":"https:\/\/eracingnation.com\/es\/wp-json\/wp\/v2\/media?parent=263"}],"curies":[{"name":"wp","href":"https:\/\/api.w.org\/{rel}","templated":true}]}}