{"id":250,"date":"2024-07-16T20:22:12","date_gmt":"2024-07-17T03:22:12","guid":{"rendered":"https:\/\/eracingnation.com\/?page_id=250"},"modified":"2024-07-23T18:25:05","modified_gmt":"2024-07-24T01:25:05","slug":"weltgeschwindigkeitswettbewerb","status":"publish","type":"page","link":"https:\/\/eracingnation.com\/de\/weltgeschwindigkeitswettbewerb\/","title":{"rendered":"World Speed Challenge"},"content":{"rendered":"<div data-elementor-type=\"wp-page\" data-elementor-id=\"250\" class=\"elementor elementor-250\" data-elementor-post-type=\"page\">\n\t\t\t\t<div class=\"elementor-element elementor-element-168128f e-flex e-con-boxed e-con e-parent\" data-id=\"168128f\" data-element_type=\"container\" data-e-type=\"container\">\n\t\t\t\t\t<div class=\"e-con-inner\">\n\t\t\t\t<div class=\"elementor-element elementor-element-31933e1 elementor-widget elementor-widget-image\" data-id=\"31933e1\" data-element_type=\"widget\" data-e-type=\"widget\" data-widget_type=\"image.default\">\n\t\t\t\t<div class=\"elementor-widget-container\">\n\t\t\t\t\t\t\t\t\t\t\t\t\t\t\t\t<a href=\"https:\/\/worldspeedchallenge.com\">\n\t\t\t\t\t\t\t<img fetchpriority=\"high\" decoding=\"async\" data-attachment-id=\"251\" data-permalink=\"https:\/\/eracingnation.com\/de\/weltgeschwindigkeitswettbewerb\/world-speed-challenge-logo-wsc-2\/\" data-orig-file=\"https:\/\/i0.wp.com\/eracingnation.com\/wp-content\/uploads\/2024\/07\/World-Speed-Challenge-Logo-WSC-2.webp?fit=676%2C441&amp;ssl=1\" data-orig-size=\"676,441\" data-comments-opened=\"1\" data-image-meta=\"{&quot;aperture&quot;:&quot;0&quot;,&quot;credit&quot;:&quot;&quot;,&quot;camera&quot;:&quot;&quot;,&quot;caption&quot;:&quot;&quot;,&quot;created_timestamp&quot;:&quot;0&quot;,&quot;copyright&quot;:&quot;&quot;,&quot;focal_length&quot;:&quot;0&quot;,&quot;iso&quot;:&quot;0&quot;,&quot;shutter_speed&quot;:&quot;0&quot;,&quot;title&quot;:&quot;&quot;,&quot;orientation&quot;:&quot;0&quot;}\" data-image-title=\"World Speed Challenge Logo WSC (2)\" data-image-description=\"\" data-image-caption=\"\" data-medium-file=\"https:\/\/i0.wp.com\/eracingnation.com\/wp-content\/uploads\/2024\/07\/World-Speed-Challenge-Logo-WSC-2.webp?fit=300%2C196&amp;ssl=1\" data-large-file=\"https:\/\/i0.wp.com\/eracingnation.com\/wp-content\/uploads\/2024\/07\/World-Speed-Challenge-Logo-WSC-2.webp?fit=640%2C418&amp;ssl=1\" width=\"600\" height=\"441\" src=\"https:\/\/i0.wp.com\/eracingnation.com\/wp-content\/uploads\/2024\/07\/World-Speed-Challenge-Logo-WSC-2.webp?resize=600%2C441&amp;ssl=1\" class=\"attachment-newspack-article-block-portrait-medium size-newspack-article-block-portrait-medium wp-image-251\" alt=\"\" \/>\t\t\t\t\t\t\t\t<\/a>\n\t\t\t\t\t\t\t\t\t\t\t\t\t\t\t<\/div>\n\t\t\t\t<\/div>\n\t\t\t\t\t<\/div>\n\t\t\t\t<\/div>\n\t\t<div class=\"elementor-element elementor-element-60162ce e-flex e-con-boxed e-con e-parent\" data-id=\"60162ce\" data-element_type=\"container\" data-e-type=\"container\">\n\t\t\t\t\t<div class=\"e-con-inner\">\n\t\t\t\t<div class=\"elementor-element elementor-element-506611d elementor-widget elementor-widget-text-editor\" data-id=\"506611d\" data-element_type=\"widget\" data-e-type=\"widget\" data-widget_type=\"text-editor.default\">\n\t\t\t\t<div class=\"elementor-widget-container\">\n\t\t\t\t\t\t\t\t\t<p><span style=\"color: #000000;\"><span style=\"color: #ffffff;\"><br \/>\u00dcber<\/span>\u00a0<\/span><a href=\"https:\/\/worldspeedchallenge.com\" target=\"_blank\" rel=\"noopener\">World Speed Challenge<\/a><span style=\"color: #000000;\">\u00a0<span style=\"color: #ffffff;\">stellt die Hersteller der Automobilindustrie vor eine Herausforderung!<\/span><\/span><\/p><p><span style=\"color: #ffffff;\">Eine globale Motorsport-Partnerschaft mit f\u00fchrenden Herstellern der Automobilindustrie<\/span><\/p><p><span style=\"color: #ffffff;\">Dieses bahnbrechende Konzept verk\u00f6rpert eine einzigartige Kombination von Innovationen, die es bisher im Motorsport nicht gab, und soll den Automobilherstellern als Plattform f\u00fcr die Entwicklung von Technologien f\u00fcr ihre Hochleistungs-Stra\u00dfenfahrzeuge dienen.<\/span><\/p><p><span style=\"color: #ffffff;\">Die Fahrzeuge werden nach einem technischen Reglement gebaut, das auf permanenten Rennstrecken in voller L\u00e4nge zum Einsatz kommt und neue Ma\u00dfst\u00e4be f\u00fcr Elektrofahrzeuge im Motorsport in Bezug auf Leistung, Ausdauer und Reichweite setzen wird.<\/span><\/p><p><span style=\"color: #ffffff;\">Diese innovative Fahrzeugklasse wird sich in einem \u00e4hnlichen Leistungsfenster bewegen wie die derzeitige Generation von GT-Fahrzeugen, aber ihre verbrennungsmotorgetriebenen Pendants in Bereichen wie Beschleunigung und Qualifikationstempo \u00fcbertreffen.<br \/><br \/><\/span><a href=\"https:\/\/worldspeedchallenge.com\/egt1_wsc\/\" target=\"_blank\" rel=\"noopener\">EGT1 WSC<\/a><span style=\"color: #ffffff;\"><br \/><\/span><a href=\"https:\/\/worldspeedchallenge.com\/egt2_wsc\/\" target=\"_blank\" rel=\"noopener\">EGT2 WSC<\/a><span style=\"color: #ffffff;\"><br \/><\/span><a href=\"https:\/\/worldspeedchallenge.com\/egt3_wsc\/\" target=\"_blank\" rel=\"noopener\">EGT3 WSC<\/a><span style=\"color: #ffffff;\"><br \/><\/span><a href=\"https:\/\/worldspeedchallenge.com\/egt4_wsc\/\" target=\"_blank\" rel=\"noopener\">EGT4 WSC<\/a><span style=\"color: #ffffff;\"><br \/><\/span><a href=\"https:\/\/worldspeedchallenge.com\/etc_wsc\/\" target=\"_blank\" rel=\"noopener\">ETC WSC<\/a><span style=\"color: #ffffff;\"><br \/><\/span><a href=\"https:\/\/worldspeedchallenge.com\/etc-racing-academy\/\" target=\"_blank\" rel=\"noopener\">ETC Rennsport-Akademie<\/a><span style=\"color: #ffffff;\"><br \/><\/span><\/p><p><span style=\"color: #ffffff;\"><strong>Nehmen Sie an einer neuen Serie teil: <br \/>Wo Legenden geboren werden, werden Champions gekr\u00f6nt!<br \/>Und wo historische Geschwindigkeits- und Ausdauerrekorde aufgestellt und gebrochen werden sollen!<\/strong><\/span><\/p>\t\t\t\t\t\t\t\t<\/div>\n\t\t\t\t<\/div>\n\t\t\t\t\t<\/div>\n\t\t\t\t<\/div>\n\t\t\t\t<\/div>","protected":false},"excerpt":{"rendered":"<p>\u00dcber World Speed Challenge fordert die Hersteller der Automobilindustrie zu einer Herausforderung heraus! Eine globale Motorsport-Partnerschaft mit der f\u00fchrenden Automobilindustrie<\/p>","protected":false},"author":165558846,"featured_media":0,"parent":0,"menu_order":0,"comment_status":"closed","ping_status":"closed","template":"","meta":{"_crdt_document":"","advanced_seo_description":"","jetpack_seo_html_title":"","jetpack_seo_noindex":false,"jetpack_post_was_ever_published":false,"footnotes":""},"class_list":["post-250","page","type-page","status-publish","hentry"],"jetpack_likes_enabled":true,"jetpack_sharing_enabled":true,"jetpack_shortlink":"https:\/\/wp.me\/PfTEkc-42","jetpack-related-posts":[],"_links":{"self":[{"href":"https:\/\/eracingnation.com\/de\/wp-json\/wp\/v2\/pages\/250","targetHints":{"allow":["GET"]}}],"collection":[{"href":"https:\/\/eracingnation.com\/de\/wp-json\/wp\/v2\/pages"}],"about":[{"href":"https:\/\/eracingnation.com\/de\/wp-json\/wp\/v2\/types\/page"}],"author":[{"embeddable":true,"href":"https:\/\/eracingnation.com\/de\/wp-json\/wp\/v2\/users\/165558846"}],"replies":[{"embeddable":true,"href":"https:\/\/eracingnation.com\/de\/wp-json\/wp\/v2\/comments?post=250"}],"version-history":[{"count":27,"href":"https:\/\/eracingnation.com\/de\/wp-json\/wp\/v2\/pages\/250\/revisions"}],"predecessor-version":[{"id":557,"href":"https:\/\/eracingnation.com\/de\/wp-json\/wp\/v2\/pages\/250\/revisions\/557"}],"wp:attachment":[{"href":"https:\/\/eracingnation.com\/de\/wp-json\/wp\/v2\/media?parent=250"}],"curies":[{"name":"wp","href":"https:\/\/api.w.org\/{rel}","templated":true}]}}